{"id":9195,"date":"2024-03-28T14:13:22","date_gmt":"2024-03-28T18:13:22","guid":{"rendered":"https:\/\/campuslean.com\/?post_type=product&#038;p=9195"},"modified":"2024-10-28T17:00:07","modified_gmt":"2024-10-28T21:00:07","slug":"tasse-campus-lean","status":"publish","type":"product","link":"https:\/\/campuslean.gumstaging.fr\/en\/produit\/tasse-campus-lean\/","title":{"rendered":"Tasse Campus LEAN"},"content":{"rendered":"<p>Passionn\u00e9.e du LEAN et d\u2019am\u00e9lioration continue? Affichez votre engagement avec cette tasse unique qui sera parfaite pour accompagner vos moments de r\u00e9flexion strat\u00e9gique et d&#8217;optimisation. En adoptant la tasse du Campus LEAN, vous d\u00e9montrez votre appartenance \u00e0 une communaut\u00e9 dynamique engag\u00e9e dans la recherche constante de l&#8217;excellence!<\/p>\n<ul>\n<li>Tasse en gr\u00e8s<\/li>\n<li>Capacit\u00e9 : 400 ml (13.5 oz)<\/li>\n<\/ul>\n","protected":false},"excerpt":{"rendered":"<p>Passionn\u00e9.e du LEAN et d\u2019am\u00e9lioration continue? Affichez votre engagement avec cette tasse unique qui sera parfaite pour accompagner vos moments de r\u00e9flexion strat\u00e9gique et d&#8217;optimisation. En adoptant la tasse du&#8230;<\/p>\n","protected":false},"featured_media":9193,"template":"","meta":{"_price":"29.75","_stock":"42","_tribe_ticket_header":"","_tribe_default_ticket_provider":"","_tribe_ticket_capacity":"50","_ticket_start_date":"","_ticket_end_date":"","_tribe_ticket_show_description":"","_tribe_ticket_show_not_going":false,"_tribe_ticket_use_global_stock":"","_tribe_ticket_global_stock_level":"","_global_stock_mode":"","_global_stock_cap":"","_tribe_rsvp_for_event":"","_tribe_ticket_going_count":"","_tribe_ticket_not_going_count":"","_tribe_tickets_list":"[]","_tribe_ticket_has_attendee_info_fields":false,"_kad_post_transparent":"default","_kad_post_title":"","_kad_post_layout":"default","_kad_post_sidebar_id":"","_kad_post_content_style":"default","_kad_post_vertical_padding":"default","_kad_post_feature":"","_kad_post_feature_position":"","_kad_post_header":false,"_kad_post_footer":false,"_tec_slr_enabled":"","_tec_slr_layout":""},"product_brand":[],"product_cat":[75],"product_tag":[],"class_list":{"0":"post-9195","1":"product","2":"type-product","3":"status-publish","4":"has-post-thumbnail","6":"product_cat-produits","8":"first","9":"instock","10":"taxable","11":"shipping-taxable","12":"purchasable","13":"product-type-simple","14":"entry","15":"content-bg","16":"loop-entry"},"_links":{"self":[{"href":"https:\/\/campuslean.gumstaging.fr\/en\/wp-json\/wp\/v2\/product\/9195","targetHints":{"allow":["GET"]}}],"collection":[{"href":"https:\/\/campuslean.gumstaging.fr\/en\/wp-json\/wp\/v2\/product"}],"about":[{"href":"https:\/\/campuslean.gumstaging.fr\/en\/wp-json\/wp\/v2\/types\/product"}],"wp:featuredmedia":[{"embeddable":true,"href":"https:\/\/campuslean.gumstaging.fr\/en\/wp-json\/wp\/v2\/media\/9193"}],"wp:attachment":[{"href":"https:\/\/campuslean.gumstaging.fr\/en\/wp-json\/wp\/v2\/media?parent=9195"}],"wp:term":[{"taxonomy":"product_brand","embeddable":true,"href":"https:\/\/campuslean.gumstaging.fr\/en\/wp-json\/wp\/v2\/product_brand?post=9195"},{"taxonomy":"product_cat","embeddable":true,"href":"https:\/\/campuslean.gumstaging.fr\/en\/wp-json\/wp\/v2\/product_cat?post=9195"},{"taxonomy":"product_tag","embeddable":true,"href":"https:\/\/campuslean.gumstaging.fr\/en\/wp-json\/wp\/v2\/product_tag?post=9195"}],"curies":[{"name":"wp","href":"https:\/\/api.w.org\/{rel}","templated":true}]}}